{"id":3664,"date":"2025-01-02T10:01:15","date_gmt":"2025-01-02T09:01:15","guid":{"rendered":"https:\/\/www.sudcapsule.it\/privacy-policy\/"},"modified":"2025-06-10T14:42:13","modified_gmt":"2025-06-10T12:42:13","slug":"privacy-policy","status":"publish","type":"page","link":"https:\/\/www.sudcapsule.it\/fr\/privacy-policy\/","title":{"rendered":"Privacy Policy"},"content":{"rendered":"<section class=\"l-section wpb_row height_medium\"><div class=\"l-section-h i-cf\"><div class=\"g-cols vc_row via_grid cols_1 laptops-cols_inherit tablets-cols_inherit mobiles-cols_1 valign_top type_default stacking_default\"><div class=\"wpb_column vc_column_container\"><div class=\"vc_column-inner\"><div class=\"wpb_text_column\"><div class=\"wpb_wrapper\"><div class=\"elementor-element elementor-element-cdcf315 elementor-widget elementor-widget-heading\" data-id=\"cdcf315\" data-element_type=\"widget\" data-widget_type=\"heading.default\">\n<div class=\"elementor-widget-container\">\n<h2 class=\"elementor-heading-title elementor-size-default wp-block-heading\">Politique de confidentialit\u00e9<\/h2>\n<p class=\"elementor-heading-title elementor-size-default\"><span style=\"font-family: inherit; font-size: 16px;\">La pr\u00e9sente note d\u2019information vise \u00e0 informer l\u2019utilisateur des modalit\u00e9s de traitement de ses donn\u00e9es personnelles.<\/span><\/p>\n<p class=\"elementor-heading-title elementor-size-default\"><span style=\"font-size: 16px;\">Cette communication vous est fournie \u2013 \u00e9galement aux termes de l\u2019art.&nbsp;13 du R\u00e8glement europ\u00e9en&nbsp;2016\/679 en mati\u00e8re de protection des donn\u00e9es personnelles (\u00ab R\u00e8glement \u00bb ou \u00ab RGPD \u00bb) et du D. Lgs. 30\/06\/2003 n.&nbsp;196 (\u00ab Code de la confidentialit\u00e9 \u00bb), tel que modifi\u00e9 et compl\u00e9t\u00e9 par le D. Lgs. 101\/2018, ainsi que par ses modifications et int\u00e9grations ult\u00e9rieures \u2013 par&nbsp;<\/span><strong style=\"font-size: 16px;\">SUDCAPSULE&nbsp;S.R.L.<\/strong><span style=\"font-size: 16px;\">, dont le si\u00e8ge social est \u00e0 Scafati (SA), via S.&nbsp;Antonio Abate, 10, en qualit\u00e9 de Responsable du traitement de vos donn\u00e9es personnelles.<\/span><\/p>\n<\/div>\n<\/div>\n<\/div><\/div><div class=\"w-separator size_medium\"><\/div><div class=\"w-tabs layout_ver navwidth_20 navpos_left style_radio2 switch_click has_scrolling\" style=\"--sections-title-size:1rem\" data-accordion-at-width=\"992\"><div class=\"w-tabs-list items_8 align_none\" style=\"line-height:1.5;\"><div class=\"w-tabs-list-h\"><button class=\"w-tabs-item active\" aria-controls=\"content-j1c2\" aria-expanded=\"false\"><span class=\"w-tabs-item-title\">Types de donn\u00e9es trait\u00e9es<\/span><\/button><button class=\"w-tabs-item\" aria-controls=\"content-w44a\" aria-expanded=\"false\"><span class=\"w-tabs-item-title\">Finalit\u00e9s du traitement<\/span><\/button><button class=\"w-tabs-item\" aria-controls=\"content-e6f4\" aria-expanded=\"false\"><span class=\"w-tabs-item-title\">Partage et transfert<\/span><\/button><button class=\"w-tabs-item\" aria-controls=\"content-u98f\" aria-expanded=\"false\"><span class=\"w-tabs-item-title\">Protection des donn\u00e9es personnelles<\/span><\/button><button class=\"w-tabs-item\" aria-controls=\"content-ebf2\" aria-expanded=\"false\"><span class=\"w-tabs-item-title\">Dur\u00e9e de conservation<\/span><\/button><button class=\"w-tabs-item\" aria-controls=\"content-ff74\" aria-expanded=\"false\"><span class=\"w-tabs-item-title\">Vos droits l\u00e9gaux<\/span><\/button><button class=\"w-tabs-item\" aria-controls=\"content-i1a9\" aria-expanded=\"false\"><span class=\"w-tabs-item-title\">Modifications de la pr\u00e9sente politique de confidentialit\u00e9<\/span><\/button><button class=\"w-tabs-item\" aria-controls=\"content-j3dc\" aria-expanded=\"false\"><span class=\"w-tabs-item-title\">Responsable du traitement<\/span><\/button><\/div><\/div><div class=\"w-tabs-sections titles-align_none icon_chevron cpos_right\"><div class=\"w-tabs-section active\" id=\"j1c2\"><button class=\"w-tabs-section-header active\" aria-controls=\"content-j1c2\" aria-expanded=\"true\"><h3 class=\"w-tabs-section-title\">Types de donn\u00e9es trait\u00e9es<\/h3><div class=\"w-tabs-section-control\"><\/div><\/button><div  class=\"w-tabs-section-content\" id=\"content-j1c2\"><div class=\"w-tabs-section-content-h i-cf\"><div class=\"wpb_text_column\"><div class=\"wpb_wrapper\"><p>Le site web offre du contenu informatif et, parfois, interactif. Lors de la navigation sur le site Sud Capsule, des informations concernant le visiteur peuvent donc \u00eatre recueillies des mani\u00e8res suivantes&nbsp;:<\/p>\n<p><em>Donn\u00e9es de navigation<\/em><\/p>\n<p>Les syst\u00e8mes informatiques et les proc\u00e9dures logicielles utilis\u00e9s pour le fonctionnement de ce site web acqui\u00e8rent, dans le cadre de leur fonctionnement normal, certaines donn\u00e9es personnelles dont la transmission est implicite dans l\u2019utilisation des protocoles de communication Internet. Cette cat\u00e9gorie de donn\u00e9es inclut : les adresses IP, le type de navigateur utilis\u00e9, le syst\u00e8me d\u2019exploitation, le nom de domaine et les adresses des sites web \u00e0 partir desquels l\u2019acc\u00e8s a \u00e9t\u00e9 effectu\u00e9, les informations sur les pages visit\u00e9es par les utilisateurs \u00e0 l\u2019int\u00e9rieur du site, l\u2019heure d\u2019acc\u00e8s, le temps pass\u00e9 sur chaque page, l\u2019analyse du parcours interne et d\u2019autres param\u00e8tres relatifs au syst\u00e8me d\u2019exploitation et \u00e0 l\u2019environnement informatique de l\u2019utilisateur.<\/p>\n<p><em>Autres cat\u00e9gories de donn\u00e9es<\/em><\/p>\n<p>Il s\u2019agit de toutes les donn\u00e9es personnelles fournies par le visiteur via le site, par exemple&nbsp;:<\/p>\n<ul>\n<li>en remplissant un formulaire pour demander des informations sur les services offerts et\/ou un contact ;<\/li>\n<li>en \u00e9crivant aux adresses e-mail indiqu\u00e9es sur notre site pour obtenir des informations ;<\/li>\n<li>en remplissant un formulaire pour soumettre votre curriculum vit\u00e6 ;<\/li>\n<li>en remplissant un formulaire pour recevoir notre newsletter et nos communications marketing ;<\/li>\n<li>en remplissant un formulaire pour s\u2019inscrire \u00e0 l\u2019une des initiatives de Sud Capsule (conf\u00e9rences, s\u00e9minaires, ateliers, \u00e9v\u00e9nements).<\/li>\n<\/ul>\n<\/div><\/div><\/div><\/div><\/div><div class=\"w-tabs-section\" id=\"w44a\"><button class=\"w-tabs-section-header\" aria-controls=\"content-w44a\" aria-expanded=\"false\"><h3 class=\"w-tabs-section-title\">Finalit\u00e9s du traitement<\/h3><div class=\"w-tabs-section-control\"><\/div><\/button><div  class=\"w-tabs-section-content\" id=\"content-w44a\"><div class=\"w-tabs-section-content-h i-cf\"><div class=\"wpb_text_column\"><div class=\"wpb_wrapper\"><p>Les donn\u00e9es fournies sont trait\u00e9es aux fins suivantes&nbsp;:<\/p>\n<ul>\n<li>fournir l\u2019information et\/ou le service demand\u00e9s par l\u2019utilisateur, g\u00e9rer les contrats conclus par l\u2019utilisateur, remplir les obligations administratives, comptables, fiscales et l\u00e9gales y aff\u00e9rentes, ainsi que r\u00e9pondre aux demandes de l\u2019utilisateur. Les traitements effectu\u00e9s \u00e0 ces fins sont n\u00e9cessaires \u00e0 l\u2019ex\u00e9cution d\u2019obligations contractuelles et ne n\u00e9cessitent pas le consentement sp\u00e9cifique de la personne concern\u00e9e ;<\/li>\n<li>\u00e9valuer l\u2019exp\u00e9rience d\u2019utilisation de nos plateformes, produits et services et assurer le bon fonctionnement des pages web et de leur contenu. Les traitements effectu\u00e9s \u00e0 ces fins reposent sur l\u2019int\u00e9r\u00eat l\u00e9gitime du Responsable du traitement ;<\/li>\n<li>envoyer des communications commerciales relatives \u00e0 des promotions et\/ou des offres, dans l\u2019int\u00e9r\u00eat du Responsable du traitement ; les traitements effectu\u00e9s \u00e0 ces fins sont r\u00e9alis\u00e9s avec le consentement sp\u00e9cifique de l\u2019utilisateur.<\/li>\n<\/ul>\n<\/div><\/div><\/div><\/div><\/div><div class=\"w-tabs-section\" id=\"e6f4\"><button class=\"w-tabs-section-header\" aria-controls=\"content-e6f4\" aria-expanded=\"false\"><h3 class=\"w-tabs-section-title\">Partage et transfert<\/h3><div class=\"w-tabs-section-control\"><\/div><\/button><div  class=\"w-tabs-section-content\" id=\"content-e6f4\"><div class=\"w-tabs-section-content-h i-cf\"><div class=\"wpb_text_column\"><div class=\"wpb_wrapper\"><p>Les donn\u00e9es collect\u00e9es par Sud Capsule seront partag\u00e9es uniquement aux fins susmentionn\u00e9es ; nous ne partagerons ni ne transf\u00e9rerons vos donn\u00e9es personnelles \u00e0 des tiers autres que ceux indiqu\u00e9s dans la pr\u00e9sente Politique de confidentialit\u00e9.<\/p>\n<p>Dans le cadre de nos activit\u00e9s et exclusivement aux m\u00eames fins que celles \u00e9num\u00e9r\u00e9es dans la pr\u00e9sente Politique de confidentialit\u00e9, vos donn\u00e9es personnelles peuvent \u00eatre transf\u00e9r\u00e9es aux cat\u00e9gories de destinataires suivantes&nbsp;:<\/p>\n<ul>\n<li>le personnel de l\u2019entreprise ;<\/li>\n<li>les prestataires de services (par ex. fournisseurs de syst\u00e8mes informatiques, services cloud, bases de donn\u00e9es et consultants) ;<\/li>\n<li>les administrations publiques \u00e0 des fins l\u00e9gales ;<\/li>\n<li>tout organisme public et\/ou priv\u00e9 auquel la communication de vos donn\u00e9es personnelles est n\u00e9cessaire en relation avec les finalit\u00e9s susmentionn\u00e9es.<\/li>\n<\/ul>\n<p>La liste \u00e0 jour des Sous-traitants est disponible au si\u00e8ge social du Responsable du traitement et sera fournie sur demande \u00e9crite.<\/p>\n<p>Sud Capsule peut \u00eatre amen\u00e9e \u00e0 transf\u00e9rer vos donn\u00e9es personnelles vers des pays situ\u00e9s en dehors de l\u2019Union europ\u00e9enne\/Espace \u00e9conomique europ\u00e9en (EEE), vers des \u00ab pays tiers \u00bb. Ces transferts peuvent couvrir toutes les activit\u00e9s de traitement d\u00e9crites ci-dessus.<\/p>\n<p>La pr\u00e9sente Politique de confidentialit\u00e9 s\u2019applique \u00e9galement en cas de transfert de donn\u00e9es vers des pays tiers o\u00f9 le niveau de protection des donn\u00e9es diff\u00e8re de celui de l\u2019Union europ\u00e9enne : tout transfert de donn\u00e9es personnelles \u00e0 des tiers ne sera effectu\u00e9 qu\u2019apr\u00e8s vous en avoir inform\u00e9 et, le cas \u00e9ch\u00e9ant, apr\u00e8s avoir obtenu votre consentement. Tout transfert vers des pays autres que ceux pour lesquels la Commission europ\u00e9enne a rendu une d\u00e9cision d\u2019ad\u00e9quation est effectu\u00e9 sur la base d\u2019accords utilisant les clauses contractuelles types adopt\u00e9es par la Commission europ\u00e9enne ou d\u2019autres garanties appropri\u00e9es conform\u00e9ment \u00e0 la l\u00e9gislation en vigueur.<\/p>\n<\/div><\/div><\/div><\/div><\/div><div class=\"w-tabs-section\" id=\"u98f\"><button class=\"w-tabs-section-header\" aria-controls=\"content-u98f\" aria-expanded=\"false\"><h3 class=\"w-tabs-section-title\">Protection des donn\u00e9es personnelles<\/h3><div class=\"w-tabs-section-control\"><\/div><\/button><div  class=\"w-tabs-section-content\" id=\"content-u98f\"><div class=\"w-tabs-section-content-h i-cf\"><div class=\"wpb_text_column\"><div class=\"wpb_wrapper\"><p>Sud Capsule a mis en place des mesures techniques et organisationnelles appropri\u00e9es pour garantir un niveau ad\u00e9quat de s\u00e9curit\u00e9 et de confidentialit\u00e9 des donn\u00e9es personnelles.<\/p>\n<p>Ces mesures tiennent compte&nbsp;:<\/p>\n<ul>\n<li>de l\u2019\u00e9tat de l\u2019art de la technologie ;<\/li>\n<li>des co\u00fbts de mise en \u0153uvre ;<\/li>\n<li>de la nature des donn\u00e9es ;<\/li>\n<li>du risque li\u00e9 au traitement.<\/li>\n<\/ul>\n<p>L\u2019objectif est de les prot\u00e9ger contre la destruction ou l\u2019alt\u00e9ration accidentelle ou illicite, la perte accidentelle, la divulgation ou l\u2019acc\u00e8s non autoris\u00e9 et d\u2019autres formes de traitement illicites.<\/p>\n<p>En outre, lors du traitement de vos donn\u00e9es personnelles, Sud Capsule&nbsp;:<\/p>\n<ul>\n<li>collecte et traite des donn\u00e9es personnelles ad\u00e9quates, pertinentes et non excessives, comme requis pour atteindre les finalit\u00e9s ci-dessus ; et<\/li>\n<li>veille \u00e0 ce que ces donn\u00e9es personnelles restent \u00e0 jour et exactes.<\/li>\n<\/ul>\n<\/div><\/div><\/div><\/div><\/div><div class=\"w-tabs-section\" id=\"ebf2\"><button class=\"w-tabs-section-header\" aria-controls=\"content-ebf2\" aria-expanded=\"false\"><h3 class=\"w-tabs-section-title\">Dur\u00e9e de conservation<\/h3><div class=\"w-tabs-section-control\"><\/div><\/button><div  class=\"w-tabs-section-content\" id=\"content-ebf2\"><div class=\"w-tabs-section-content-h i-cf\"><div class=\"wpb_text_column\"><div class=\"wpb_wrapper\"><p>Sous r\u00e9serve de votre droit de vous opposer au traitement de vos donn\u00e9es personnelles et\/ou d\u2019en demander la suppression, Sud Capsule conservera vos donn\u00e9es personnelles uniquement pendant la dur\u00e9e n\u00e9cessaire pour atteindre la finalit\u00e9 pour laquelle elles ont \u00e9t\u00e9 collect\u00e9es et re\u00e7ues, ou pour satisfaire aux exigences l\u00e9gales ou r\u00e9glementaires.<\/p>\n<p>\u00c0 l\u2019expiration de cette p\u00e9riode, vos donn\u00e9es personnelles seront supprim\u00e9es des syst\u00e8mes actifs de Sud Capsule.<\/p>\n<\/div><\/div><\/div><\/div><\/div><div class=\"w-tabs-section\" id=\"ff74\"><button class=\"w-tabs-section-header\" aria-controls=\"content-ff74\" aria-expanded=\"false\"><h3 class=\"w-tabs-section-title\">Vos droits l\u00e9gaux<\/h3><div class=\"w-tabs-section-control\"><\/div><\/button><div  class=\"w-tabs-section-content\" id=\"content-ff74\"><div class=\"w-tabs-section-content-h i-cf\"><div class=\"wpb_text_column\"><div class=\"wpb_wrapper\"><p>Les droits relatifs aux donn\u00e9es personnelles trait\u00e9es par Sud Capsule sont&nbsp;:<\/p>\n<ul>\n<li><strong>Droit de rectification.<\/strong> Vous pouvez obtenir la rectification des donn\u00e9es personnelles vous concernant que vous nous avez communiqu\u00e9es. Sud Capsule fait des efforts raisonnables pour s\u2019assurer que les donn\u00e9es personnelles en sa possession sont exactes, compl\u00e8tes, \u00e0 jour et pertinentes, sur la base des informations les plus r\u00e9centes disponibles ;<\/li>\n<\/ul>\n<ul>\n<li><strong>Droit \u00e0 la limitation.<\/strong> Vous pouvez obtenir la limitation du traitement de vos donn\u00e9es personnelles si&nbsp;:<\/li>\n<li>vous contestez l\u2019exactitude de vos donn\u00e9es personnelles pendant la p\u00e9riode n\u00e9cessaire \u00e0 Sud Capsule pour en v\u00e9rifier l\u2019exactitude ;<\/li>\n<li>le traitement est illicite et vous demandez la limitation du traitement ou la suppression de vos donn\u00e9es personnelles ;<\/li>\n<li>Sud Capsule n\u2019a plus besoin de conserver vos donn\u00e9es personnelles mais vous en avez besoin pour constater, exercer ou d\u00e9fendre vos droits en justice ; ou<\/li>\n<li>vous vous opposez au traitement pendant que Sud Capsule v\u00e9rifie si ses motifs l\u00e9gitimes pr\u00e9valent sur les v\u00f4tres.<\/li>\n<\/ul>\n<ul>\n<li><strong>Droit d\u2019acc\u00e8s.<\/strong> Vous pouvez demander \u00e0 Sud Capsule des informations sur les donn\u00e9es personnelles d\u00e9tenues \u00e0 votre sujet, notamment les cat\u00e9gories de donn\u00e9es personnelles que Sud Capsule poss\u00e8de ou contr\u00f4le, \u00e0 quelles fins elles sont utilis\u00e9es, o\u00f9 elles ont \u00e9t\u00e9 collect\u00e9es (si ce n\u2019est pas directement aupr\u00e8s de vous) et \u00e0 qui elles ont \u00e9t\u00e9 \u00e9ventuellement communiqu\u00e9es ;<\/li>\n<\/ul>\n<ul>\n<li><strong>Droit \u00e0 la portabilit\u00e9.<\/strong> Sur votre demande, Sud Capsule transf\u00e9rera vos donn\u00e9es personnelles \u00e0 un autre Responsable du traitement, lorsque cela est techniquement possible, \u00e0 condition que le traitement soit fond\u00e9 sur votre consentement ou n\u00e9cessaire \u00e0 l\u2019ex\u00e9cution d\u2019un contrat.<\/li>\n<\/ul>\n<ul>\n<li><strong>Droit \u00e0 l\u2019effacement.<\/strong> Vous pouvez obtenir de Sud Capsule la suppression de vos donn\u00e9es personnelles si&nbsp;:<\/li>\n<li>les donn\u00e9es personnelles ne sont plus n\u00e9cessaires au regard des finalit\u00e9s pour lesquelles elles ont \u00e9t\u00e9 collect\u00e9es ou autrement trait\u00e9es ;<\/li>\n<li>vous avez le droit de vous opposer \u00e0 un traitement ult\u00e9rieur de vos donn\u00e9es personnelles et vous exercez ce droit ;<\/li>\n<li>les donn\u00e9es personnelles ont \u00e9t\u00e9 trait\u00e9es de mani\u00e8re illicite.<\/li>\n<\/ul>\n<p>Sauf si le traitement est n\u00e9cessaire en raison d\u2019obligations l\u00e9gales ou pour constater, exercer ou d\u00e9fendre un droit en justice.<\/p>\n<ul>\n<li><strong>Droit d\u2019opposition.<\/strong> Vous pouvez vous opposer \u00e0 tout moment au traitement de vos donn\u00e9es personnelles, pour autant que le traitement ne soit pas fond\u00e9 sur votre consentement mais sur les int\u00e9r\u00eats l\u00e9gitimes de Sud Capsule ou de tiers. Dans ce cas, Sud Capsule ne traitera plus vos donn\u00e9es personnelles, sauf si elle peut d\u00e9montrer des motifs l\u00e9gitimes et imp\u00e9rieux, un int\u00e9r\u00eat pr\u00e9pond\u00e9rant au traitement ou la constatation, l\u2019exercice ou la d\u00e9fense d\u2019un droit en justice. Si vous vous opposez au traitement, veuillez pr\u00e9ciser si vous souhaitez supprimer vos donn\u00e9es personnelles ou en limiter le traitement.<\/li>\n<li><strong>Droit d\u2019introduire une r\u00e9clamation.<\/strong> En cas de violation pr\u00e9sum\u00e9e de la l\u00e9gislation applicable en mati\u00e8re de confidentialit\u00e9, vous pouvez introduire une r\u00e9clamation aupr\u00e8s des autorit\u00e9s comp\u00e9tentes de votre pays ou du lieu o\u00f9 la violation pr\u00e9sum\u00e9e s\u2019est produite.<\/li>\n<\/ul>\n<\/div><\/div><\/div><\/div><\/div><div class=\"w-tabs-section\" id=\"i1a9\"><button class=\"w-tabs-section-header\" aria-controls=\"content-i1a9\" aria-expanded=\"false\"><h3 class=\"w-tabs-section-title\">Modifications de la pr\u00e9sente politique de confidentialit\u00e9<\/h3><div class=\"w-tabs-section-control\"><\/div><\/button><div  class=\"w-tabs-section-content\" id=\"content-i1a9\"><div class=\"w-tabs-section-content-h i-cf\"><div class=\"wpb_text_column\"><div class=\"wpb_wrapper\"><p><span>Toute modification ou int\u00e9gration future du traitement des donn\u00e9es personnelles d\u00e9crit dans la pr\u00e9sente Politique de confidentialit\u00e9 sera notifi\u00e9e via les canaux de communication habituels utilis\u00e9s par Sud Capsule (par exemple par e-mail ou via le site web).<\/span><\/p>\n<\/div><\/div><\/div><\/div><\/div><div class=\"w-tabs-section\" id=\"j3dc\"><button class=\"w-tabs-section-header\" aria-controls=\"content-j3dc\" aria-expanded=\"false\"><h3 class=\"w-tabs-section-title\">Responsable du traitement<\/h3><div class=\"w-tabs-section-control\"><\/div><\/button><div  class=\"w-tabs-section-content\" id=\"content-j3dc\"><div class=\"w-tabs-section-content-h i-cf\"><div class=\"wpb_text_column\"><div class=\"wpb_wrapper\"><p>Pour exercer les droits pr\u00e9vus aux art.&nbsp;15 et suivants du RGPD, vous pouvez contacter le Responsable du traitement, Sudcapsule S.R.L., dont le si\u00e8ge social est \u00e0 Scafati (SA), via S.&nbsp;Antonio Abate, 10.<\/p>\n<p>Le \u00ab responsable \u00bb de leur traitement est&nbsp;:<\/p>\n<p>SUDCAPSULE&nbsp;S.R.L.<br \/>\nVia&nbsp;S.&nbsp;Antonio Abate, 10<br \/>\n84018&nbsp;Scafati, SA \u2013 Italie<br \/>\nT\u00e9l. : +39&nbsp;081&nbsp;863786<br \/>\nFax&nbsp;: +39&nbsp;081&nbsp;856&nbsp;2626<br \/>\nE-mail&nbsp;: <a href=\"mailto:info@sudcapsule.it\">info@sudcapsule.it<\/a><\/p>\n<\/div><\/div><\/div><\/div><\/div><\/div><\/div><\/div><\/div><\/div><\/div><\/section>\r\n","protected":false},"excerpt":{"rendered":"Politique de confidentialit\u00e9 La pr\u00e9sente note d\u2019information vise \u00e0 informer l\u2019utilisateur des modalit\u00e9s de traitement de ses donn\u00e9es personnelles. Cette communication vous est fournie \u2013 \u00e9galement aux termes de l\u2019art.&nbsp;13 du R\u00e8glement europ\u00e9en&nbsp;2016\/679 en mati\u00e8re de protection des donn\u00e9es personnelles (\u00ab R\u00e8glement \u00bb ou \u00ab RGPD \u00bb) et du D. Lgs. 30\/06\/2003 n.&nbsp;196 (\u00ab Code...","protected":false},"author":1,"featured_media":0,"parent":0,"menu_order":0,"comment_status":"closed","ping_status":"open","template":"","meta":{"_acf_changed":false,"footnotes":""},"class_list":["post-3664","page","type-page","status-publish","hentry"],"acf":[],"yoast_head":"<!-- This site is optimized with the Yoast SEO plugin v25.5 - https:\/\/yoast.com\/wordpress\/plugins\/seo\/ -->\n<title>Privacy Policy - Sud Capsule<\/title>\n<meta name=\"robots\" content=\"index, follow, max-snippet:-1, max-image-preview:large, max-video-preview:-1\" \/>\n<link rel=\"canonical\" href=\"https:\/\/www.sudcapsule.it\/fr\/privacy-policy\/\" \/>\n<meta property=\"og:locale\" content=\"fr_FR\" \/>\n<meta property=\"og:type\" content=\"article\" \/>\n<meta property=\"og:title\" content=\"Privacy Policy - Sud Capsule\" \/>\n<meta property=\"og:url\" content=\"https:\/\/www.sudcapsule.it\/fr\/privacy-policy\/\" \/>\n<meta property=\"og:site_name\" content=\"Sud Capsule\" \/>\n<meta property=\"article:modified_time\" content=\"2025-06-10T12:42:13+00:00\" \/>\n<meta name=\"twitter:card\" content=\"summary_large_image\" \/>\n<meta name=\"twitter:label1\" content=\"Dur\u00e9e de lecture estim\u00e9e\" \/>\n\t<meta name=\"twitter:data1\" content=\"9 minutes\" \/>\n<script type=\"application\/ld+json\" class=\"yoast-schema-graph\">{\"@context\":\"https:\/\/schema.org\",\"@graph\":[{\"@type\":\"WebPage\",\"@id\":\"https:\/\/www.sudcapsule.it\/fr\/privacy-policy\/\",\"url\":\"https:\/\/www.sudcapsule.it\/fr\/privacy-policy\/\",\"name\":\"Privacy Policy - Sud Capsule\",\"isPartOf\":{\"@id\":\"https:\/\/www.sudcapsule.it\/fr\/#website\"},\"datePublished\":\"2025-01-02T09:01:15+00:00\",\"dateModified\":\"2025-06-10T12:42:13+00:00\",\"breadcrumb\":{\"@id\":\"https:\/\/www.sudcapsule.it\/fr\/privacy-policy\/#breadcrumb\"},\"inLanguage\":\"fr-FR\",\"potentialAction\":[{\"@type\":\"ReadAction\",\"target\":[\"https:\/\/www.sudcapsule.it\/fr\/privacy-policy\/\"]}]},{\"@type\":\"BreadcrumbList\",\"@id\":\"https:\/\/www.sudcapsule.it\/fr\/privacy-policy\/#breadcrumb\",\"itemListElement\":[{\"@type\":\"ListItem\",\"position\":1,\"name\":\"Home\",\"item\":\"https:\/\/www.sudcapsule.it\/fr\/\"},{\"@type\":\"ListItem\",\"position\":2,\"name\":\"Privacy Policy\"}]},{\"@type\":\"WebSite\",\"@id\":\"https:\/\/www.sudcapsule.it\/fr\/#website\",\"url\":\"https:\/\/www.sudcapsule.it\/fr\/\",\"name\":\"Sud Capsule\",\"description\":\"chiusure metalliche, macchine capsulatrici e ricambi\",\"potentialAction\":[{\"@type\":\"SearchAction\",\"target\":{\"@type\":\"EntryPoint\",\"urlTemplate\":\"https:\/\/www.sudcapsule.it\/fr\/?s={search_term_string}\"},\"query-input\":{\"@type\":\"PropertyValueSpecification\",\"valueRequired\":true,\"valueName\":\"search_term_string\"}}],\"inLanguage\":\"fr-FR\"}]}<\/script>\n<!-- \/ Yoast SEO plugin. -->","yoast_head_json":{"title":"Privacy Policy - Sud Capsule","robots":{"index":"index","follow":"follow","max-snippet":"max-snippet:-1","max-image-preview":"max-image-preview:large","max-video-preview":"max-video-preview:-1"},"canonical":"https:\/\/www.sudcapsule.it\/fr\/privacy-policy\/","og_locale":"fr_FR","og_type":"article","og_title":"Privacy Policy - Sud Capsule","og_url":"https:\/\/www.sudcapsule.it\/fr\/privacy-policy\/","og_site_name":"Sud Capsule","article_modified_time":"2025-06-10T12:42:13+00:00","twitter_card":"summary_large_image","twitter_misc":{"Dur\u00e9e de lecture estim\u00e9e":"9 minutes"},"schema":{"@context":"https:\/\/schema.org","@graph":[{"@type":"WebPage","@id":"https:\/\/www.sudcapsule.it\/fr\/privacy-policy\/","url":"https:\/\/www.sudcapsule.it\/fr\/privacy-policy\/","name":"Privacy Policy - Sud Capsule","isPartOf":{"@id":"https:\/\/www.sudcapsule.it\/fr\/#website"},"datePublished":"2025-01-02T09:01:15+00:00","dateModified":"2025-06-10T12:42:13+00:00","breadcrumb":{"@id":"https:\/\/www.sudcapsule.it\/fr\/privacy-policy\/#breadcrumb"},"inLanguage":"fr-FR","potentialAction":[{"@type":"ReadAction","target":["https:\/\/www.sudcapsule.it\/fr\/privacy-policy\/"]}]},{"@type":"BreadcrumbList","@id":"https:\/\/www.sudcapsule.it\/fr\/privacy-policy\/#breadcrumb","itemListElement":[{"@type":"ListItem","position":1,"name":"Home","item":"https:\/\/www.sudcapsule.it\/fr\/"},{"@type":"ListItem","position":2,"name":"Privacy Policy"}]},{"@type":"WebSite","@id":"https:\/\/www.sudcapsule.it\/fr\/#website","url":"https:\/\/www.sudcapsule.it\/fr\/","name":"Sud Capsule","description":"chiusure metalliche, macchine capsulatrici e ricambi","potentialAction":[{"@type":"SearchAction","target":{"@type":"EntryPoint","urlTemplate":"https:\/\/www.sudcapsule.it\/fr\/?s={search_term_string}"},"query-input":{"@type":"PropertyValueSpecification","valueRequired":true,"valueName":"search_term_string"}}],"inLanguage":"fr-FR"}]}},"_links":{"self":[{"href":"https:\/\/www.sudcapsule.it\/fr\/wp-json\/wp\/v2\/pages\/3664","targetHints":{"allow":["GET"]}}],"collection":[{"href":"https:\/\/www.sudcapsule.it\/fr\/wp-json\/wp\/v2\/pages"}],"about":[{"href":"https:\/\/www.sudcapsule.it\/fr\/wp-json\/wp\/v2\/types\/page"}],"author":[{"embeddable":true,"href":"https:\/\/www.sudcapsule.it\/fr\/wp-json\/wp\/v2\/users\/1"}],"replies":[{"embeddable":true,"href":"https:\/\/www.sudcapsule.it\/fr\/wp-json\/wp\/v2\/comments?post=3664"}],"version-history":[{"count":3,"href":"https:\/\/www.sudcapsule.it\/fr\/wp-json\/wp\/v2\/pages\/3664\/revisions"}],"predecessor-version":[{"id":3669,"href":"https:\/\/www.sudcapsule.it\/fr\/wp-json\/wp\/v2\/pages\/3664\/revisions\/3669"}],"wp:attachment":[{"href":"https:\/\/www.sudcapsule.it\/fr\/wp-json\/wp\/v2\/media?parent=3664"}],"curies":[{"name":"wp","href":"https:\/\/api.w.org\/{rel}","templated":true}]}}